{"id":95,"date":"2017-06-01T23:20:55","date_gmt":"2017-06-01T21:20:55","guid":{"rendered":"http:\/\/labo.wop.pl\/?page_id=95"},"modified":"2026-01-09T10:48:02","modified_gmt":"2026-01-09T09:48:02","slug":"pakiety","status":"publish","type":"page","link":"https:\/\/www.labo-olesnica.pl\/index.php\/oferta\/pakiety\/","title":{"rendered":"Pakiety"},"content":{"rendered":"<p>PAKIET OG\u00d3LNY 190 z\u0142 :<\/p>\n<ul>\n<li>Morfologia<\/li>\n<li>OB<\/li>\n<li>Glukoza<\/li>\n<li>Pr\u00f3by w\u0105trobowe ( Alal,Aspat,GGTP)<\/li>\n<li>Lipidogram ( Cholesterol ca\u0142kowity , HDL,LDL, Tr\u00f3jglicerydy)<\/li>\n<li>Kwas moczowy<\/li>\n<li>Kreatynina<\/li>\n<li>Magnez<\/li>\n<li>TSH<\/li>\n<li>\u017belazo<\/li>\n<li>Na\/K<\/li>\n<\/ul>\n<p>PAKIET DLA KOBIET 40+ 430z\u0142<\/p>\n<ul>\n<li>OB<\/li>\n<li>Morfologia krwi<\/li>\n<li>Glukoza<\/li>\n<li>Lipidogram (cholesterol ca\u0142kowity, cholesterol HDL, cholesterol LDL wyliczany, triglicerydy)<\/li>\n<li>Mocznik<\/li>\n<li>Kreatynina<\/li>\n<li>Kwas moczowy<\/li>\n<li>Pr\u00f3by w\u0105trobowe (ASPAT, ALAT, GGTP)<\/li>\n<li>Bia\u0142ko C \u2013 reaktywne (CRP)<\/li>\n<li>S\u00f3d, Potas (Na\/K)<\/li>\n<li>Magnez (Mg)<\/li>\n<li>\u017belazo (Fe)<\/li>\n<li>Ferrytyna<\/li>\n<li>Wap\u0144 (Ca)<\/li>\n<li>Fosfor (P)<\/li>\n<li>TSH (hormon tyreotropowy)<\/li>\n<li>Estradiol<\/li>\n<li>FSH<\/li>\n<li>Witamina D\u00a0 metabolit 25(OH)<\/li>\n<li>Badanie og\u00f3lne moczu<\/li>\n<li>Badanie ka\u0142u na krew utajon\u0105<\/li>\n<\/ul>\n<p>PAKIET DLA M\u0118\u017bCZYZN 40+ 400 z\u0142<\/p>\n<ul>\n<li>OB<\/li>\n<li>Morfologia krwi<\/li>\n<li>Glukoza<\/li>\n<li>Lipidogram (cholesterol ca\u0142kowity, cholesterol HDL, cholesterol LDL wyliczany, triglicerydy)<\/li>\n<li>Mocznik<\/li>\n<li>Kreatynina<\/li>\n<li>Kwas moczowy<\/li>\n<li>Pr\u00f3by w\u0105trobowe (ASPAT, ALP, GGTP)<\/li>\n<li>Amylaza<\/li>\n<li>Lipaza<\/li>\n<li>Bia\u0142ko C \u2013 reaktywne (CRP)<\/li>\n<li>S\u00f3d, Potas (Na\/K)<\/li>\n<li>Magnez (Mg)<\/li>\n<li>TSH (hormon tyreotropowy)<\/li>\n<li>PSA (antygen specyficzny gruczo\u0142u krokowego)<\/li>\n<li>Testosteron<\/li>\n<li>Witamina D 25(OH)<\/li>\n<li>Badanie og\u00f3lne moczu<\/li>\n<li>Badanie ka\u0142u na krew utajon\u0105<\/li>\n<\/ul>\n\n\n<p><\/p>\n\n\n<table border=\"1\" cellspacing=\"0\" cellpadding=\"4\">\n<tbody>\n<tr>\n<td width=\"55%\"><strong>Panel bezpiecze\u0144stwa<\/strong><br><strong>(infekcje przenoszone drog\u0105 p\u0142ciow\u0105)<\/strong><\/td>\n<td width=\"23%\"><strong>Cena<\/strong><\/td>\n<td width=\"23%\"><strong>Czas oczekiwania<\/strong><\/td>\n<\/tr>\n<tr>\n<td valign=\"top\" width=\"55%\">wymaz z pochwy\/cewki moczowej<br>(posiew og\u00f3lny)<\/td>\n<td rowspan=\"4\" width=\"23%\">300 z\u0142*<\/td>\n<td rowspan=\"4\" width=\"23%\">2-4 dni<\/td>\n<\/tr>\n<tr>\n<td valign=\"top\" width=\"55%\">wymaz z cewki moczowej\/ kana\u0142u szyjki macicy w kierunku <em>Mycoplasma hominis, Ureaplasma urealyticum<\/em><\/td>\n<\/tr>\n<tr>\n<td valign=\"top\" width=\"55%\">wymaz z cewki moczowej\/ kana\u0142u szyjki macicy w kierunku <em>Chlamydia trachomatis&nbsp;<\/em>PCR<\/td>\n<\/tr>\n<tr>\n<td valign=\"top\" width=\"55%\">odczyn VDRL (ki\u0142a)<\/td>\n<\/tr>\n<\/tbody>\n<\/table>\n<p>* dodatkowo dop\u0142ata za antybiogram 15 z\u0142 (30 z\u0142 grzyby dro\u017cd\u017copodobne)<\/p>\n<table border=\"1\" cellspacing=\"0\" cellpadding=\"4\">\n<colgroup>\n<col width=\"141*\">\n<col width=\"58*\">\n<col width=\"58*\"><\/colgroup>\n<tbody>\n<tr>\n<td width=\"55%\"><strong>Panel pokarmowy<\/strong><br><strong> (infekcje przewodu pokarmowego)<\/strong><\/td>\n<td width=\"23%\"><strong>Cena<\/strong><\/td>\n<td width=\"23%\"><strong>Czas oczekiwania<\/strong><\/td>\n<\/tr>\n<tr>\n<td valign=\"top\" width=\"55%\">posiew ka\u0142u<\/td>\n<td rowspan=\"6\" width=\"23%\">190 z\u0142*<\/td>\n<td rowspan=\"6\" width=\"23%\">2-4 dni<\/td>\n<\/tr>\n<tr>\n<td valign=\"top\" width=\"55%\">test immunoenzymatyczny w kierunku obecno\u015bci antygenu <em>Giardia lamblia<\/em><\/td>\n<\/tr>\n<tr>\n<td valign=\"top\" width=\"55%\">test immunoenzymatyczny w kierunku obecno\u015bci antygenu <em>Helicobacter pylori<\/em><\/td>\n<\/tr>\n<tr>\n<td valign=\"top\" width=\"55%\">badanie ka\u0142u w kierunku Rota\/ Adenowirus\u00f3w<\/td>\n<\/tr>\n<tr>\n<td valign=\"top\" width=\"55%\">ka\u0142 na paso\u017cyty<\/td>\n<\/tr>\n<tr>\n<td valign=\"top\" width=\"55%\">&nbsp;<\/td>\n<\/tr>\n<\/tbody>\n<\/table>\n<p>* dop\u0142ata w przypadku mykogramu dla grzyb\u00f3w dro\u017cd\u017copodobnych<\/p>","protected":false},"excerpt":{"rendered":"<p>PAKIET OG\u00d3LNY 190 z\u0142 : Morfologia OB Glukoza Pr\u00f3by w\u0105trobowe ( Alal,Aspat,GGTP) Lipidogram ( Cholesterol ca\u0142kowity , HDL,LDL, Tr\u00f3jglicerydy) Kwas moczowy Kreatynina Magnez TSH \u017belazo Na\/K PAKIET DLA KOBIET 40+ 430z\u0142 OB Morfologia krwi Glukoza Lipidogram (cholesterol ca\u0142kowity, cholesterol HDL, cholesterol LDL wyliczany, triglicerydy) Mocznik Kreatynina Kwas moczowy Pr\u00f3by w\u0105trobowe (ASPAT, ALAT, GGTP) Bia\u0142ko C [&hellip;]<\/p>\n","protected":false},"author":1,"featured_media":0,"parent":40,"menu_order":0,"comment_status":"closed","ping_status":"closed","template":"","meta":[],"_links":{"self":[{"href":"https:\/\/www.labo-olesnica.pl\/index.php\/wp-json\/wp\/v2\/pages\/95"}],"collection":[{"href":"https:\/\/www.labo-olesnica.pl\/index.php\/wp-json\/wp\/v2\/pages"}],"about":[{"href":"https:\/\/www.labo-olesnica.pl\/index.php\/wp-json\/wp\/v2\/types\/page"}],"author":[{"embeddable":true,"href":"https:\/\/www.labo-olesnica.pl\/index.php\/wp-json\/wp\/v2\/users\/1"}],"replies":[{"embeddable":true,"href":"https:\/\/www.labo-olesnica.pl\/index.php\/wp-json\/wp\/v2\/comments?post=95"}],"version-history":[{"count":28,"href":"https:\/\/www.labo-olesnica.pl\/index.php\/wp-json\/wp\/v2\/pages\/95\/revisions"}],"predecessor-version":[{"id":753,"href":"https:\/\/www.labo-olesnica.pl\/index.php\/wp-json\/wp\/v2\/pages\/95\/revisions\/753"}],"up":[{"embeddable":true,"href":"https:\/\/www.labo-olesnica.pl\/index.php\/wp-json\/wp\/v2\/pages\/40"}],"wp:attachment":[{"href":"https:\/\/www.labo-olesnica.pl\/index.php\/wp-json\/wp\/v2\/media?parent=95"}],"curies":[{"name":"wp","href":"https:\/\/api.w.org\/{rel}","templated":true}]}}