{"id":93,"date":"2017-06-01T23:20:28","date_gmt":"2017-06-01T21:20:28","guid":{"rendered":"http:\/\/labo.wop.pl\/?page_id=93"},"modified":"2025-08-12T10:48:57","modified_gmt":"2025-08-12T08:48:57","slug":"inne-badania","status":"publish","type":"page","link":"https:\/\/www.labo-olesnica.pl\/index.php\/oferta\/inne-badania\/","title":{"rendered":"Inne badania"},"content":{"rendered":"<table>\n<tbody>\n<tr>\n<td width=\"410\"><strong>Inne badania<br \/>\n<\/strong><\/td>\n<td width=\"93\"><strong>Badanie<\/strong><br \/>\n<strong>podstawowe<\/strong><\/td>\n<td width=\"88\"><strong>Czas oczekiwania (dni robocze)<\/strong><\/td>\n<\/tr>\n<tr>\n<td width=\"410\">test immunoenzymatyczny w kierunku obecno\u015bci antygenu <em>Giardia lamblia<\/em> w kale<\/td>\n<td>50 z\u0142<\/td>\n<td>1<\/td>\n<\/tr>\n<tr>\n<td width=\"410\">test immunoenzymatyczny w kierunku obecno\u015bci antygenu <em>Helicobacter pylori<\/em> w kale<\/td>\n<td>50 z\u0142<\/td>\n<td>1<\/td>\n<\/tr>\n<tr>\n<td width=\"410\">badanie ka\u0142u w kierunku Rota- i Adenowirus\u00f3w<\/td>\n<td>50 z\u0142<\/td>\n<td>1<\/td>\n<\/tr>\n<tr>\n<td width=\"410\">badanie w kierunku obecno\u015bci nu\u017ce\u0144ca ludzkiego <em>Demodex folliculorum<\/em><\/td>\n<td>55 z\u0142<\/td>\n<td>1<\/td>\n<\/tr>\n<tr>\n<td>odczyn VDRL (ki\u0142a)<\/td>\n<td>25 z\u0142<\/td>\n<td>1<\/td>\n<\/tr>\n<tr>\n<td>badanie og\u00f3lne moczu<\/td>\n<td>15 z\u0142<\/td>\n<td>1<\/td>\n<\/tr>\n<tr>\n<td>biocenoza pochwy<\/td>\n<td>35 z\u0142<\/td>\n<td>1<\/td>\n<\/tr>\n<tr>\n<td>paso\u017cyty w kale<\/td>\n<td>35 z\u0142<\/td>\n<td>2<\/td>\n<\/tr>\n<tr>\n<td>badanie metod\u0105 immunofluorescencji (IF) w kierunku <em>Chlamydia pneumoniae<\/em><\/td>\n<td>120 z\u0142<\/td>\n<td>3<\/td>\n<\/tr>\n<tr>\n<td><\/td>\n<td><\/td>\n<td><\/td>\n<\/tr>\n<\/tbody>\n<\/table>\n","protected":false},"excerpt":{"rendered":"<p>Inne badania Badanie podstawowe Czas oczekiwania (dni robocze) test immunoenzymatyczny w kierunku obecno\u015bci antygenu Giardia lamblia w kale 50 z\u0142 1 test immunoenzymatyczny w kierunku obecno\u015bci antygenu Helicobacter pylori w kale 50 z\u0142 1 badanie ka\u0142u w kierunku Rota- i Adenowirus\u00f3w 50 z\u0142 1 badanie w kierunku obecno\u015bci nu\u017ce\u0144ca ludzkiego Demodex folliculorum 55 z\u0142 1 [&hellip;]<\/p>\n","protected":false},"author":1,"featured_media":0,"parent":40,"menu_order":0,"comment_status":"closed","ping_status":"closed","template":"","meta":[],"_links":{"self":[{"href":"https:\/\/www.labo-olesnica.pl\/index.php\/wp-json\/wp\/v2\/pages\/93"}],"collection":[{"href":"https:\/\/www.labo-olesnica.pl\/index.php\/wp-json\/wp\/v2\/pages"}],"about":[{"href":"https:\/\/www.labo-olesnica.pl\/index.php\/wp-json\/wp\/v2\/types\/page"}],"author":[{"embeddable":true,"href":"https:\/\/www.labo-olesnica.pl\/index.php\/wp-json\/wp\/v2\/users\/1"}],"replies":[{"embeddable":true,"href":"https:\/\/www.labo-olesnica.pl\/index.php\/wp-json\/wp\/v2\/comments?post=93"}],"version-history":[{"count":13,"href":"https:\/\/www.labo-olesnica.pl\/index.php\/wp-json\/wp\/v2\/pages\/93\/revisions"}],"predecessor-version":[{"id":728,"href":"https:\/\/www.labo-olesnica.pl\/index.php\/wp-json\/wp\/v2\/pages\/93\/revisions\/728"}],"up":[{"embeddable":true,"href":"https:\/\/www.labo-olesnica.pl\/index.php\/wp-json\/wp\/v2\/pages\/40"}],"wp:attachment":[{"href":"https:\/\/www.labo-olesnica.pl\/index.php\/wp-json\/wp\/v2\/media?parent=93"}],"curies":[{"name":"wp","href":"https:\/\/api.w.org\/{rel}","templated":true}]}}