{"id":57,"date":"2017-06-01T22:39:03","date_gmt":"2017-06-01T20:39:03","guid":{"rendered":"http:\/\/labo.wop.pl\/?page_id=57"},"modified":"2019-10-10T11:27:04","modified_gmt":"2019-10-10T09:27:04","slug":"komputerowa-analiza-nasienia","status":"publish","type":"page","link":"https:\/\/www.labo-olesnica.pl\/index.php\/oferta\/komputerowa-analiza-nasienia\/","title":{"rendered":"Komputerowa analiza nasienia"},"content":{"rendered":"<div class=\"textwrapper\">\n<p><strong>KOMPUTEROWA ANALIZA NASIENIA &#8211; SEMINOGRAM<\/strong><\/p>\n<p>Wykonujemy komputerow\u0105 analiz\u0119 nasienia przy u\u017cyciu oprogramowania CASA firmy Microptic, kt\u00f3re pozwala na:<\/p>\n<p>&#8211; makroskopow\u0105 ocen\u0119 \u015brodowiska, w kt\u00f3rym zawieszone s\u0105 plemniki<\/p>\n<p>&#8211; cyfrow\u0105 analiz\u0119 obrazu zarejestrowanego przy uzyciu kamery wideo<\/p>\n<p>&#8211; morfometryczn\u0105 analiz\u0119 cech plemnik\u00f3w umo\u017cliwiaj\u0105c\u0105 stwierdzenie nieprawid\u0142owo\u015bci w ich budowie<\/p>\n<p>&#8211; ocen\u0119 parametr\u00f3w kinetycznych plemnik\u00f3w pozwalaj\u0105c\u0105 na pomiar pr\u0119dko\u015bci ruchu i okre\u015blenia jego rodzaju<\/p>\n<p>&nbsp;<\/p>\n<p>Badanie wykonywane jest zgodnie ze standardami \u015awiatowej Organizacji Zdrowia WHO we wsp\u00f3\u0142pracy z Krakowskim Centrum Leczenia Niep\u0142odno\u015bci PARENS.<\/p>\n<p>&nbsp;<\/p>\n<p>PRZYGOTOWANIE PACJENTA DO ANALIZY NASIENIA:<\/p>\n<p>&#8211; abstynencja p\u0142ciowa 2-7 dni, optymalnie 3-5 dni<\/p>\n<p>&#8211; w okresie poprzedzaj\u0105cym badanie nale\u017cy prowadzi\u0107 higieniczny tryb \u017cycia, wyeliminowac spo\u017cycie alkoholu i papieros\u00f3w, unika\u0107 stresu i zbytniego wysi\u0142ku fizycznego<\/p>\n<p>&#8211; w okresie minimum miesi\u0105ca przed badaniem, nie powinno si\u0119 przyjmowa\u0107 antybiotyk\u00f3w<\/p>\n<p>&#8211; je\u015bli przed planowanym terminem badania wyst\u0105pi\u0142a infekcja przebiegaj\u0105ca z wysok\u0105 gor\u0105czka lub silne zatrucie pokarmowe nale\u017cy um\u00f3wi\u0107 si\u0119 na inny termin badania<\/p>\n<p>&nbsp;<\/p>\n<p>KOSZT BADANIA: 180 z\u0142<\/p>\n<p>CZAS OCZEKIWANIA: 5 dni roboczych<\/p>\n<p>&nbsp;<\/p>\n<p><strong>UWAGA !!!<\/strong><\/p>\n<p><strong>WYMAGANA REJESTRACJA TELEFONICZNA LUB POPRZEZ <a href=\"http:\/\/www.labo-olesnica.pl\/index.php\/kontakt\/\">FORMULARZ KONTAKTOWY<\/a><\/strong><\/p>\n<\/div>\n","protected":false},"excerpt":{"rendered":"<p>KOMPUTEROWA ANALIZA NASIENIA &#8211; SEMINOGRAM Wykonujemy komputerow\u0105 analiz\u0119 nasienia przy u\u017cyciu oprogramowania CASA firmy Microptic, kt\u00f3re pozwala na: &#8211; makroskopow\u0105 ocen\u0119 \u015brodowiska, w kt\u00f3rym zawieszone s\u0105 plemniki &#8211; cyfrow\u0105 analiz\u0119 obrazu zarejestrowanego przy uzyciu kamery wideo &#8211; morfometryczn\u0105 analiz\u0119 cech plemnik\u00f3w umo\u017cliwiaj\u0105c\u0105 stwierdzenie nieprawid\u0142owo\u015bci w ich budowie &#8211; ocen\u0119 parametr\u00f3w kinetycznych plemnik\u00f3w pozwalaj\u0105c\u0105 na pomiar [&hellip;]<\/p>\n","protected":false},"author":1,"featured_media":0,"parent":40,"menu_order":0,"comment_status":"closed","ping_status":"closed","template":"","meta":[],"_links":{"self":[{"href":"https:\/\/www.labo-olesnica.pl\/index.php\/wp-json\/wp\/v2\/pages\/57"}],"collection":[{"href":"https:\/\/www.labo-olesnica.pl\/index.php\/wp-json\/wp\/v2\/pages"}],"about":[{"href":"https:\/\/www.labo-olesnica.pl\/index.php\/wp-json\/wp\/v2\/types\/page"}],"author":[{"embeddable":true,"href":"https:\/\/www.labo-olesnica.pl\/index.php\/wp-json\/wp\/v2\/users\/1"}],"replies":[{"embeddable":true,"href":"https:\/\/www.labo-olesnica.pl\/index.php\/wp-json\/wp\/v2\/comments?post=57"}],"version-history":[{"count":11,"href":"https:\/\/www.labo-olesnica.pl\/index.php\/wp-json\/wp\/v2\/pages\/57\/revisions"}],"predecessor-version":[{"id":341,"href":"https:\/\/www.labo-olesnica.pl\/index.php\/wp-json\/wp\/v2\/pages\/57\/revisions\/341"}],"up":[{"embeddable":true,"href":"https:\/\/www.labo-olesnica.pl\/index.php\/wp-json\/wp\/v2\/pages\/40"}],"wp:attachment":[{"href":"https:\/\/www.labo-olesnica.pl\/index.php\/wp-json\/wp\/v2\/media?parent=57"}],"curies":[{"name":"wp","href":"https:\/\/api.w.org\/{rel}","templated":true}]}}