{"id":55,"date":"2017-06-01T22:38:14","date_gmt":"2017-06-01T20:38:14","guid":{"rendered":"http:\/\/labo.wop.pl\/?page_id=55"},"modified":"2024-01-22T21:25:42","modified_gmt":"2024-01-22T20:25:42","slug":"badania-mykologiczne","status":"publish","type":"page","link":"https:\/\/www.labo-olesnica.pl\/index.php\/oferta\/badania-mykologiczne\/","title":{"rendered":"Badania mykologiczne"},"content":{"rendered":"<table>\n<tbody>\n<tr>\n<td width=\"410\"><strong>\u00a0MYKOLOGIA (badanie w kierunku grzybicy)<\/strong><\/td>\n<td width=\"93\"><strong>Badanie podstawowe<\/strong><\/td>\n<td width=\"88\"><strong>Dop\u0142ata za antybiogram<\/strong><\/td>\n<td width=\"84\"><strong>Czas oczekiwania<\/strong><\/td>\n<\/tr>\n<tr>\n<td>zeskrobiny ze zmian sk\u00f3rnych<\/td>\n<td>50 z\u0142<\/td>\n<td>30 z\u0142 **<\/td>\n<td>3 tyg<\/td>\n<\/tr>\n<tr>\n<td>zeskrobiny z p\u0142ytki paznokciowej<\/td>\n<td>50 z\u0142<\/td>\n<td>30 z\u0142 **<\/td>\n<td>3 tyg<\/td>\n<\/tr>\n<tr>\n<td>posiew ka\u0142u w kierunku grzyb\u00f3w dro\u017cd\u017copodobnych<\/td>\n<td>45 z\u0142<\/td>\n<td>30 z\u0142 **<\/td>\n<td>\u00a03-7 dni<\/td>\n<\/tr>\n<tr>\n<td><\/td>\n<td><\/td>\n<td><\/td>\n<td><\/td>\n<\/tr>\n<tr>\n<td colspan=\"2\">** dop\u0142ata tylko w przypadku wyhodowania grzyb\u00f3w dro\u017cd\u017copodobnych<\/td>\n<td><\/td>\n<td><\/td>\n<\/tr>\n<\/tbody>\n<\/table>\n","protected":false},"excerpt":{"rendered":"<p>\u00a0MYKOLOGIA (badanie w kierunku grzybicy) Badanie podstawowe Dop\u0142ata za antybiogram Czas oczekiwania zeskrobiny ze zmian sk\u00f3rnych 50 z\u0142 30 z\u0142 ** 3 tyg zeskrobiny z p\u0142ytki paznokciowej 50 z\u0142 30 z\u0142 ** 3 tyg posiew ka\u0142u w kierunku grzyb\u00f3w dro\u017cd\u017copodobnych 45 z\u0142 30 z\u0142 ** \u00a03-7 dni ** dop\u0142ata tylko w przypadku wyhodowania grzyb\u00f3w dro\u017cd\u017copodobnych<\/p>\n","protected":false},"author":1,"featured_media":0,"parent":40,"menu_order":0,"comment_status":"closed","ping_status":"closed","template":"","meta":[],"_links":{"self":[{"href":"https:\/\/www.labo-olesnica.pl\/index.php\/wp-json\/wp\/v2\/pages\/55"}],"collection":[{"href":"https:\/\/www.labo-olesnica.pl\/index.php\/wp-json\/wp\/v2\/pages"}],"about":[{"href":"https:\/\/www.labo-olesnica.pl\/index.php\/wp-json\/wp\/v2\/types\/page"}],"author":[{"embeddable":true,"href":"https:\/\/www.labo-olesnica.pl\/index.php\/wp-json\/wp\/v2\/users\/1"}],"replies":[{"embeddable":true,"href":"https:\/\/www.labo-olesnica.pl\/index.php\/wp-json\/wp\/v2\/comments?post=55"}],"version-history":[{"count":5,"href":"https:\/\/www.labo-olesnica.pl\/index.php\/wp-json\/wp\/v2\/pages\/55\/revisions"}],"predecessor-version":[{"id":640,"href":"https:\/\/www.labo-olesnica.pl\/index.php\/wp-json\/wp\/v2\/pages\/55\/revisions\/640"}],"up":[{"embeddable":true,"href":"https:\/\/www.labo-olesnica.pl\/index.php\/wp-json\/wp\/v2\/pages\/40"}],"wp:attachment":[{"href":"https:\/\/www.labo-olesnica.pl\/index.php\/wp-json\/wp\/v2\/media?parent=55"}],"curies":[{"name":"wp","href":"https:\/\/api.w.org\/{rel}","templated":true}]}}