{"id":52,"date":"2017-06-01T22:35:57","date_gmt":"2017-06-01T20:35:57","guid":{"rendered":"http:\/\/labo.wop.pl\/?page_id=52"},"modified":"2025-07-16T09:49:25","modified_gmt":"2025-07-16T07:49:25","slug":"badania-bakteriologiczne","status":"publish","type":"page","link":"https:\/\/www.labo-olesnica.pl\/index.php\/oferta\/badania-bakteriologiczne\/","title":{"rendered":"Badania bakteriologiczne"},"content":{"rendered":"<table cellspacing=\"0\" cellpadding=\"0\">\n<tbody>\n<tr>\n<td>\u00a0<strong>Nazwa badania<\/strong><\/td>\n<td><strong>Badanie<\/strong><br \/>\n<strong>podstawowe<\/strong><\/td>\n<td><strong>Dop\u0142ata za antybiogram<\/strong><\/td>\n<td><strong>Czas oczekiwania (dni robocze)<br \/>\n<\/strong><\/td>\n<\/tr>\n<tr>\n<td>posiew moczu<\/td>\n<td>45 z\u0142<\/td>\n<td><\/td>\n<td>1-3<\/td>\n<\/tr>\n<tr>\n<td class=\"xl32\" height=\"24\">posiew nasienia<\/td>\n<td class=\"xl33\">50 z\u0142<\/td>\n<td class=\"xl33\"><\/td>\n<td class=\"xl34\">2-3<\/td>\n<\/tr>\n<tr>\n<td class=\"xl32\" height=\"24\">wymaz z gard\u0142a\/nosa<\/td>\n<td class=\"xl33\">45 z\u0142<\/td>\n<td class=\"xl33\"><\/td>\n<td class=\"xl34\">2-3<\/td>\n<\/tr>\n<tr>\n<td class=\"xl32\" height=\"24\">wymaz z gard\u0142a\/nosa w kierunku MRSA<\/td>\n<td class=\"xl33\">45 z\u0142<\/td>\n<td class=\"xl34\">&#8211;<\/td>\n<td class=\"xl34\">2<\/td>\n<\/tr>\n<tr>\n<td class=\"xl32\" height=\"24\">wymaz z ucha<\/td>\n<td class=\"xl33\">50 z\u0142<\/td>\n<td class=\"xl33\"><\/td>\n<td class=\"xl34\">2-3<\/td>\n<\/tr>\n<tr>\n<td class=\"xl32\" height=\"24\">posiew plwociny<\/td>\n<td class=\"xl33\">50 z\u0142<\/td>\n<td class=\"xl33\"><\/td>\n<td class=\"xl34\">2-3<\/td>\n<\/tr>\n<tr>\n<td class=\"xl32\" height=\"24\">wymaz z worka spoj\u00f3wkowego<\/td>\n<td class=\"xl33\">50 z\u0142<\/td>\n<td class=\"xl33\"><\/td>\n<td class=\"xl34\">2-3<\/td>\n<\/tr>\n<tr>\n<td class=\"xl32\" height=\"24\">wymaz z pochwy<\/td>\n<td class=\"xl33\">50 z\u0142<\/td>\n<td class=\"xl33\"><\/td>\n<td class=\"xl34\">2-3<\/td>\n<\/tr>\n<tr>\n<td class=\"xl35\" width=\"410\" height=\"41\">wymaz z pochwy\/odbytnicy w kierunku paciorkowc\u00f3w grupy B (GBS)<\/td>\n<td class=\"xl33\">40 z\u0142<\/td>\n<td class=\"xl33\"><\/td>\n<td class=\"xl34\">2-3<\/td>\n<\/tr>\n<tr>\n<td class=\"xl32\" height=\"24\">wymaz z kana\u0142u szyjki macicy<\/td>\n<td class=\"xl33\">50 z\u0142<\/td>\n<td class=\"xl33\"><\/td>\n<td class=\"xl34\">2-3<\/td>\n<\/tr>\n<tr>\n<td class=\"xl32\" height=\"24\">wymaz z cewki moczowej<\/td>\n<td class=\"xl33\">50 z\u0142<\/td>\n<td class=\"xl33\"><\/td>\n<td class=\"xl34\">2-3<\/td>\n<\/tr>\n<tr>\n<td class=\"xl32\" height=\"24\">wymaz z \u017co\u0142\u0119dzi<\/td>\n<td class=\"xl33\">50 z\u0142<\/td>\n<td class=\"xl33\"><\/td>\n<td class=\"xl34\">2-3<\/td>\n<\/tr>\n<tr>\n<td class=\"xl35\" width=\"410\" height=\"41\">wymaz z cewki moczowej w kierunku\u00a0<span class=\"font7\"><em>Mycoplasma hominis,\u00a0<\/em><\/span><span class=\"font7\"><em>Ureaplasma urealyticum<\/em><\/span><\/td>\n<td class=\"xl33\">95 z\u0142<\/td>\n<td class=\"xl33\"><\/td>\n<td class=\"xl34\">2-4<\/td>\n<\/tr>\n<tr>\n<td class=\"xl35\" width=\"410\" height=\"41\">wymaz z kana\u0142u szyjki macicy w kierunku\u00a0<span class=\"font7\"><em>Mycoplasma hominis,\u00a0<\/em><\/span><span class=\"font7\"><em>Ureaplasma urealyticum<\/em><\/span><\/td>\n<td class=\"xl33\">95z\u0142<\/td>\n<td class=\"xl33\"><\/td>\n<td class=\"xl34\">2-4<\/td>\n<\/tr>\n<tr>\n<td class=\"xl35\" width=\"410\" height=\"41\">wymaz z cewki moczowej w kierunku\u00a0<span class=\"font7\"><em>Chlamydia trachomatis<\/em> metod\u0105 PCR <\/span><\/td>\n<td class=\"xl33\">170 z\u0142<\/td>\n<td class=\"xl33\">&#8211;<\/td>\n<td class=\"xl34\">7<\/td>\n<\/tr>\n<tr>\n<td class=\"xl35\" width=\"410\" height=\"41\">wymaz z kana\u0142u szyjki macicy w kierunku\u00a0<em><span class=\"font7\">Chlamydia trachomatis<\/span><\/em> <span class=\"font7\">metod\u0105 PCR<\/span><\/td>\n<td class=\"xl33\">\u00a0170 z\u0142<\/td>\n<td class=\"xl33\">&#8211;<\/td>\n<td class=\"xl34\">7<\/td>\n<\/tr>\n<tr>\n<td class=\"xl32\" height=\"24\">wymaz z rany (posiew tlenowy)<\/td>\n<td class=\"xl33\">50 z\u0142<\/td>\n<td class=\"xl33\"><\/td>\n<td class=\"xl34\">2-5<\/td>\n<\/tr>\n<tr>\n<td class=\"xl32\" height=\"24\">wymaz z rany (posiew beztlenowy)<\/td>\n<td class=\"xl33\">40 z\u0142<\/td>\n<td class=\"xl33\"><\/td>\n<td class=\"xl34\">5-14<\/td>\n<\/tr>\n<tr>\n<td class=\"xl32\" height=\"24\">wymaz ze zmian sk\u00f3rnych (posiew tlenowy)<\/td>\n<td class=\"xl33\">50 z\u0142<\/td>\n<td class=\"xl33\"><\/td>\n<td class=\"xl34\">2-5<\/td>\n<\/tr>\n<tr>\n<td class=\"xl32\" height=\"24\">wymaz ze zmian sk\u00f3rnych (posiew beztlenowy)<\/td>\n<td class=\"xl33\">40 z\u0142<\/td>\n<td class=\"xl33\"><\/td>\n<td class=\"xl34\">5-14<\/td>\n<\/tr>\n<tr>\n<td class=\"xl32\" height=\"24\">posiew ropy (posiew tlenowy)<\/td>\n<td class=\"xl33\">50 z\u0142<\/td>\n<td class=\"xl33\"><\/td>\n<td class=\"xl34\">2-5<\/td>\n<\/tr>\n<tr>\n<td class=\"xl32\" height=\"24\">posiew ropy (posiew beztlenowy)<\/td>\n<td class=\"xl33\">40 z\u0142<\/td>\n<td class=\"xl33\"><\/td>\n<td class=\"xl34\">5-14<\/td>\n<\/tr>\n<tr>\n<td class=\"xl32\" height=\"24\">posiew ka\u0142u w kierunku\u00a0<em><span class=\"font7\">Salmonella\/Shigella<\/span><\/em><\/td>\n<td class=\"xl33\">50 z\u0142<\/td>\n<td class=\"xl34\">&#8211;<\/td>\n<td class=\"xl34\">3-5<\/td>\n<\/tr>\n<tr>\n<td class=\"xl32\" height=\"24\">\u00a0posiew ka\u0142u og\u00f3lny<\/td>\n<td class=\"xl33\">50 z\u0142<\/td>\n<td class=\"xl34\">&#8211;<\/td>\n<td class=\"xl34\">3-5<\/td>\n<\/tr>\n<tr>\n<td class=\"xl24\" height=\"24\">badanie w kierunku Clostridium difficile tox. A\/B<\/td>\n<td class=\"xl25\">95 z\u0142<\/td>\n<td class=\"xl26\">&#8211;<\/td>\n<td class=\"xl26\"><\/td>\n<\/tr>\n<tr>\n<td class=\"xl24\" height=\"24\"><\/td>\n<td class=\"xl25\"><\/td>\n<td class=\"xl26\"><\/td>\n<td class=\"xl26\"><\/td>\n<\/tr>\n<tr>\n<td class=\"xl27\" colspan=\"2\" height=\"24\">* w przypadku wyhodowania grzyb\u00f3w dro\u017cd\u017copodobnych dop\u0142ata wynosi 30 z\u0142<\/td>\n<\/tr>\n<\/tbody>\n<\/table>\n","protected":false},"excerpt":{"rendered":"<p>\u00a0Nazwa badania Badanie podstawowe Dop\u0142ata za antybiogram Czas oczekiwania (dni robocze) posiew moczu 45 z\u0142 1-3 posiew nasienia 50 z\u0142 2-3 wymaz z gard\u0142a\/nosa 45 z\u0142 2-3 wymaz z gard\u0142a\/nosa w kierunku MRSA 45 z\u0142 &#8211; 2 wymaz z ucha 50 z\u0142 2-3 posiew plwociny 50 z\u0142 2-3 wymaz z worka spoj\u00f3wkowego 50 z\u0142 2-3 [&hellip;]<\/p>\n","protected":false},"author":1,"featured_media":0,"parent":40,"menu_order":0,"comment_status":"closed","ping_status":"closed","template":"","meta":[],"_links":{"self":[{"href":"https:\/\/www.labo-olesnica.pl\/index.php\/wp-json\/wp\/v2\/pages\/52"}],"collection":[{"href":"https:\/\/www.labo-olesnica.pl\/index.php\/wp-json\/wp\/v2\/pages"}],"about":[{"href":"https:\/\/www.labo-olesnica.pl\/index.php\/wp-json\/wp\/v2\/types\/page"}],"author":[{"embeddable":true,"href":"https:\/\/www.labo-olesnica.pl\/index.php\/wp-json\/wp\/v2\/users\/1"}],"replies":[{"embeddable":true,"href":"https:\/\/www.labo-olesnica.pl\/index.php\/wp-json\/wp\/v2\/comments?post=52"}],"version-history":[{"count":27,"href":"https:\/\/www.labo-olesnica.pl\/index.php\/wp-json\/wp\/v2\/pages\/52\/revisions"}],"predecessor-version":[{"id":723,"href":"https:\/\/www.labo-olesnica.pl\/index.php\/wp-json\/wp\/v2\/pages\/52\/revisions\/723"}],"up":[{"embeddable":true,"href":"https:\/\/www.labo-olesnica.pl\/index.php\/wp-json\/wp\/v2\/pages\/40"}],"wp:attachment":[{"href":"https:\/\/www.labo-olesnica.pl\/index.php\/wp-json\/wp\/v2\/media?parent=52"}],"curies":[{"name":"wp","href":"https:\/\/api.w.org\/{rel}","templated":true}]}}