{"id":42,"date":"2017-06-01T22:29:32","date_gmt":"2017-06-01T20:29:32","guid":{"rendered":"http:\/\/labo.wop.pl\/?page_id=42"},"modified":"2017-06-05T12:47:22","modified_gmt":"2017-06-05T10:47:22","slug":"przygotowanie-do-badania","status":"publish","type":"page","link":"https:\/\/www.labo-olesnica.pl\/index.php\/przygotowanie-do-badania\/","title":{"rendered":"Przygotowanie do badania"},"content":{"rendered":"<div id=\"matrix_1132026\" class=\"sortable-matrix\" data-matrixid=\"1132026\">\n<div class=\"n module-type-text diyfeLiveArea \">\n<p><strong>WYMAZ Z GARD\u0141A<\/strong><\/p>\n<p>Zaleca si\u0119 wykonanie wymazu z gard\u0142a rano na czczo bez uprzedniego mycia z\u0119b\u00f3w (jam\u0119 ust\u0105 nale\u017cy przep\u0142uka\u0107 wod\u0105 przegotowan\u0105 ). Nie zaleca si\u0119 wykonania badania w czasie przyjmowania antybiotyku \u2013 najwcze\u015bniej 7 dni po ostatniej dawce.<\/p>\n<p>&nbsp;<\/p>\n<p><strong>POSIEW MOCZU<\/strong><\/p>\n<ul>\n<li>KOBIETY<\/li>\n<\/ul>\n<p>Umyj r\u0119ce wod\u0105 i myd\u0142em. Rozchyl wargi sromowe i trzy razy umyj okolice krocza myd\u0142em. Przedsionek pochwy myj od przodu do ty\u0142u i za ka\u017cdym razem sp\u0142ucz wod\u0105 bie\u017c\u0105c\u0105 (prysznic). Nie wycieraj r\u0119cznikiem ! Je\u015bli wyst\u0119puj\u0105 up\u0142awy z pochwy wskazane jest po dok\u0142adnym umyciu zaaplikowanie tamponu higienicznego na czas pobierania pr\u00f3bki moczu. Otw\u00f3rz ja\u0142owy pojemnik tu\u017c przed pobraniem moczu, trzymaj ja\u0142owy pojemnik nie dotykaj\u0105c jego wn\u0119trza ani obrze\u017ca. Pierwsz\u0105 ma\u0142\u0105 porcj\u0119 moczu oddaj do toalety, a potem oddaj niewielk\u0105 ilo\u015b\u0107 moczu (ok. 5 ml) do ja\u0142owego pojemnika. Dok\u0142adnie i szczelnie zamknij naczynie i jak najszybciej dostarcz je do laboratorium. Je\u015bli niemo\u017cliwe jest natychmiastowe dostarczenie materia\u0142u, pr\u00f3bk\u0119 mo\u017cna przechowywa\u0107 w lod\u00f3wce max 2h.<\/p>\n<ul>\n<li>M\u0118\u017bCZY\u0179NI<\/li>\n<\/ul>\n<p>Umyj r\u0119ce wod\u0105 i myd\u0142em. Odci\u0105gnij napletek i umyj \u017co\u0142\u0105d\u017a pr\u0105cia trzy razy myd\u0142em i sp\u0142ucz wod\u0105 bie\u017c\u0105c\u0105 (prysznic). Nie wycieraj r\u0119cznikiem ! Otw\u00f3rz ja\u0142owy pojemnik tu\u017c przed pobraniem moczu, trzymaj ja\u0142owy pojemnik nie dotykaj\u0105c jego wn\u0119trza ani obrze\u017ca. Pierwsz\u0105 ma\u0142\u0105 porcj\u0119 moczu oddaj do toalety, a potem oddaj niewielk\u0105 ilo\u015b\u0107 moczu (ok. 5 ml) do ja\u0142owego pojemnika. Dok\u0142adnie i szczelnie zamknij naczynie i jak najszybciej dostarcz je do laboratorium. Je\u015bli niemo\u017cliwe jest natychmiastowe dostarczenie materia\u0142u, pr\u00f3bk\u0119 mo\u017cna przechowywa\u0107 w lod\u00f3wce max 2h.<\/p>\n<p>&nbsp;<\/p>\n<p><strong>POSIEW PLWOCINY<\/strong><\/p>\n<p>Po przebudzeniu nale\u017cy przep\u0142uka\u0107 jam\u0119 ustn\u0105 wod\u0105 przegotowan\u0105 (nie my\u0107 z\u0119bow), nast\u0119pnie odkrztusi\u0107 zalegaj\u0105c\u0105 wydzielin\u0119 do ja\u0142owego pojemniczka zakupionego w aptece. Tak oddany materia\u0142 nale\u017cy dostarczy\u0107 do Laboratorium w ci\u0105gu dw\u00f3ch godzin.<\/p>\n<p>&nbsp;<\/p>\n<p><strong>POSIEW NASIENIA<\/strong><\/p>\n<p>przygotowanie jak do posiewu moczu<\/p>\n<p>&nbsp;<\/p>\n<p><strong>WYMAZ Z CEWKI MOCZOWEJ W KIERUNKU \u00a0<em>Chlamydia trachomatis, Ureaplasma urealyticum, Mycoplasma hominis<\/em><\/strong><\/p>\n<p>Bardzo istotne jest aby przynajmniej na 2 godziny przed pobraniem materia\u0142u nie oddawa\u0107 moczu.<\/p>\n<\/div>\n<\/div>\n","protected":false},"excerpt":{"rendered":"<p>WYMAZ Z GARD\u0141A Zaleca si\u0119 wykonanie wymazu z gard\u0142a rano na czczo bez uprzedniego mycia z\u0119b\u00f3w (jam\u0119 ust\u0105 nale\u017cy przep\u0142uka\u0107 wod\u0105 przegotowan\u0105 ). Nie zaleca si\u0119 wykonania badania w czasie przyjmowania antybiotyku \u2013 najwcze\u015bniej 7 dni po ostatniej dawce. &nbsp; POSIEW MOCZU KOBIETY Umyj r\u0119ce wod\u0105 i myd\u0142em. Rozchyl wargi sromowe i trzy razy umyj [&hellip;]<\/p>\n","protected":false},"author":1,"featured_media":0,"parent":0,"menu_order":0,"comment_status":"closed","ping_status":"closed","template":"","meta":[],"_links":{"self":[{"href":"https:\/\/www.labo-olesnica.pl\/index.php\/wp-json\/wp\/v2\/pages\/42"}],"collection":[{"href":"https:\/\/www.labo-olesnica.pl\/index.php\/wp-json\/wp\/v2\/pages"}],"about":[{"href":"https:\/\/www.labo-olesnica.pl\/index.php\/wp-json\/wp\/v2\/types\/page"}],"author":[{"embeddable":true,"href":"https:\/\/www.labo-olesnica.pl\/index.php\/wp-json\/wp\/v2\/users\/1"}],"replies":[{"embeddable":true,"href":"https:\/\/www.labo-olesnica.pl\/index.php\/wp-json\/wp\/v2\/comments?post=42"}],"version-history":[{"count":3,"href":"https:\/\/www.labo-olesnica.pl\/index.php\/wp-json\/wp\/v2\/pages\/42\/revisions"}],"predecessor-version":[{"id":126,"href":"https:\/\/www.labo-olesnica.pl\/index.php\/wp-json\/wp\/v2\/pages\/42\/revisions\/126"}],"wp:attachment":[{"href":"https:\/\/www.labo-olesnica.pl\/index.php\/wp-json\/wp\/v2\/media?parent=42"}],"curies":[{"name":"wp","href":"https:\/\/api.w.org\/{rel}","templated":true}]}}