{"id":38,"date":"2017-06-01T22:27:34","date_gmt":"2017-06-01T20:27:34","guid":{"rendered":"http:\/\/labo.wop.pl\/?page_id=38"},"modified":"2022-06-26T16:13:24","modified_gmt":"2022-06-26T14:13:24","slug":"o-nas","status":"publish","type":"page","link":"https:\/\/www.labo-olesnica.pl\/index.php\/o-nas\/","title":{"rendered":"O nas"},"content":{"rendered":"<p>Nasze Laboratorium oferuje kompleksow\u0105 diagnostyk\u0119 mikrobiologiczn\u0105 wraz z pobieraniem materia\u0142u. Badania z zakresu mikrobiologii wykonywane s\u0105 na miejscu co istotnie wp\u0142ywa na ich jako\u015b\u0107 oraz czas oczekiwania na wynik. W ca\u0142ym procesie diagnostycznym kierujemy si\u0119 zawsze najnowszymi rekomendacjami i zaleceniami z zakresu Mikrobiologii Klinicznej.<\/p>\n<p>Oferujemy r\u00f3wnie\u017c pobieranie materia\u0142u do bada\u0144 analitycznych i genetycznych, kt\u00f3re wykonywane s\u0105 w laboratoriach wsp\u00f3\u0142pracuj\u0105cych.<\/p>\n<p>Do ka\u017cdego Pacjenta podchodzimy indywidualnie i ch\u0119tnie s\u0142u\u017cymy fachow\u0105 porad\u0105.<\/p>\n<p>&nbsp;<\/p>\n","protected":false},"excerpt":{"rendered":"<p>Nasze Laboratorium oferuje kompleksow\u0105 diagnostyk\u0119 mikrobiologiczn\u0105 wraz z pobieraniem materia\u0142u. Badania z zakresu mikrobiologii wykonywane s\u0105 na miejscu co istotnie wp\u0142ywa na ich jako\u015b\u0107 oraz czas oczekiwania na wynik. W ca\u0142ym procesie diagnostycznym kierujemy si\u0119 zawsze najnowszymi rekomendacjami i zaleceniami z zakresu Mikrobiologii Klinicznej. Oferujemy r\u00f3wnie\u017c pobieranie materia\u0142u do bada\u0144 analitycznych i genetycznych, kt\u00f3re wykonywane [&hellip;]<\/p>\n","protected":false},"author":1,"featured_media":0,"parent":0,"menu_order":0,"comment_status":"closed","ping_status":"closed","template":"","meta":[],"_links":{"self":[{"href":"https:\/\/www.labo-olesnica.pl\/index.php\/wp-json\/wp\/v2\/pages\/38"}],"collection":[{"href":"https:\/\/www.labo-olesnica.pl\/index.php\/wp-json\/wp\/v2\/pages"}],"about":[{"href":"https:\/\/www.labo-olesnica.pl\/index.php\/wp-json\/wp\/v2\/types\/page"}],"author":[{"embeddable":true,"href":"https:\/\/www.labo-olesnica.pl\/index.php\/wp-json\/wp\/v2\/users\/1"}],"replies":[{"embeddable":true,"href":"https:\/\/www.labo-olesnica.pl\/index.php\/wp-json\/wp\/v2\/comments?post=38"}],"version-history":[{"count":5,"href":"https:\/\/www.labo-olesnica.pl\/index.php\/wp-json\/wp\/v2\/pages\/38\/revisions"}],"predecessor-version":[{"id":436,"href":"https:\/\/www.labo-olesnica.pl\/index.php\/wp-json\/wp\/v2\/pages\/38\/revisions\/436"}],"wp:attachment":[{"href":"https:\/\/www.labo-olesnica.pl\/index.php\/wp-json\/wp\/v2\/media?parent=38"}],"curies":[{"name":"wp","href":"https:\/\/api.w.org\/{rel}","templated":true}]}}